{"id":7867,"date":"2025-04-23T14:29:10","date_gmt":"2025-04-23T12:29:10","guid":{"rendered":"https:\/\/revolution-plus.tech\/termini-e-condizioni\/"},"modified":"2025-05-05T18:33:26","modified_gmt":"2025-05-05T16:33:26","slug":"termini-e-condizioni","status":"publish","type":"page","link":"https:\/\/revolution-plus.tech\/it\/termini-e-condizioni\/","title":{"rendered":"Termini e condizioni"},"content":{"rendered":"\t\t<div data-elementor-type=\"wp-page\" data-elementor-id=\"7867\" class=\"elementor elementor-7867 elementor-7845\" data-elementor-post-type=\"page\">\n\t\t\t\t<div class=\"elementor-element elementor-element-b762b51 e-con-full marquee_wow e-flex e-con e-parent\" data-id=\"b762b51\" data-element_type=\"container\" data-e-type=\"container\">\n\t\t\t\t<div class=\"elementor-element elementor-element-eccf615 elementor-widget elementor-widget-heading\" data-id=\"eccf615\" data-element_type=\"widget\" data-e-type=\"widget\" data-settings=\"{&quot;motion_fx_motion_fx_scrolling&quot;:&quot;yes&quot;,&quot;motion_fx_opacity_effect&quot;:&quot;yes&quot;,&quot;motion_fx_opacity_direction&quot;:&quot;out-in-out&quot;,&quot;motion_fx_opacity_range&quot;:{&quot;unit&quot;:&quot;%&quot;,&quot;size&quot;:&quot;&quot;,&quot;sizes&quot;:{&quot;start&quot;:30,&quot;end&quot;:61}},&quot;motion_fx_opacity_level&quot;:{&quot;unit&quot;:&quot;px&quot;,&quot;size&quot;:10,&quot;sizes&quot;:[]},&quot;motion_fx_devices&quot;:[&quot;widescreen&quot;,&quot;desktop&quot;,&quot;laptop&quot;,&quot;tablet_extra&quot;,&quot;tablet&quot;,&quot;mobile_extra&quot;,&quot;mobile&quot;]}\" data-widget_type=\"heading.default\">\n\t\t\t\t<div class=\"elementor-widget-container\">\n\t\t\t\t\t<h1 class=\"elementor-heading-title elementor-size-default\"><span style=\"color:#FE3C28\">Condizioni <\/span> generali <br>del servizio<\/h1>\t\t\t\t<\/div>\n\t\t\t\t<\/div>\n\t\t\t\t<\/div>\n\t\t<div class=\"elementor-element elementor-element-0a907e9 e-flex e-con-boxed e-con e-parent\" data-id=\"0a907e9\" data-element_type=\"container\" data-e-type=\"container\">\n\t\t\t\t\t<div class=\"e-con-inner\">\n\t\t\t\t<div class=\"elementor-element elementor-element-d0b490d elementor-widget elementor-widget-text-editor\" data-id=\"d0b490d\" data-element_type=\"widget\" data-e-type=\"widget\" data-widget_type=\"text-editor.default\">\n\t\t\t\t<div class=\"elementor-widget-container\">\n\t\t\t\t\t\t\t\t\t<h3>Termini e condizioni d&#8217;uso<\/h3><p>I siti web, i domini e i sottodomini all&#8217;indirizzo <a href=\"https:\/\/revolution-plus.tech\/it\/\">https:\/\/revolution-plus.tech\/<\/a> (di seguito il Sito) sono di propriet\u00e0 esclusiva di WHR srl, con Sede Legale: 00192 Via Caio Mario, 7 Roma Sede operativa: Hotel Porta Maggiore &#8211; 00185 Piazza di Porta Maggiore, 25 Roma<\/p><p>Il Sito non \u00e8 aggiornato con cadenza periodica e regolare, e pertanto non deve essere registrato come prodotto editoriale secondo la legge 47 del 1948.<\/p><p><strong>Accettazione delle Condizioni<\/strong><\/p><p>Nelle presenti Condizioni Generali di Servizio sono contenuti i termini e le condizioni che regolano l\u2019utilizzo dei servizi offerti. Accettando tali condizioni durante il processo di registrazione al Sito, e utilizzando il Sito stesso, l\u2019Utente conviene esplicitamente di rispettare le Condizioni del Sito.<\/p><p>LA PROSECUZIONE NELL\u2019USO DEL SITO INDICA ESPRESSA ACCETTAZIONE DA PARTE DELL\u2019UTENTE<\/p><p><strong>Modifica delle Condizioni<\/strong><\/p><p>Le condizioni di servizio possono essere modificate in qualsiasi momento ad insindacabile giudizio dei titolari, qualora lo ritengano necessario per ragioni di carattere giuridico o tecnico.<br \/>Salvi gli ordinari rimedi previsti dalla legge per l\u2019inadempimento di obblighi derivanti dal contratto o dal mancato rispetto delle norme vigenti, si riserva il diritto di inviare avvisi all\u2019Utente, sospendere le utenze a tempo determinato o indeterminato, interrompendo la fornitura di tutti od alcuni dei propri servizi, nel caso di:<br \/>a) violazioni alle presenti Condizioni Generali;<br \/>b) impossibilit\u00e0 da parte del Sito di verificare l\u2019autenticit\u00e0 delle informazioni fornite in sede di registrazione o durante l\u2019utilizzo del servizio;<br \/>c) compimento di azioni che possano comportare danni economici o responsabilit\u00e0 legale a carico del Sito o di altri Utenti;<br \/>d) motivi di sicurezza e prevenzione di accessi non autorizzati al Sito;<br \/>e) cessazione parziale o totale dei servizi.<\/p><p><strong>Uso del Sito<\/strong><\/p><p>L\u2019Utente conviene esplicitamente e garantisce che il suo uso del Sito e dei servizi forniti avverr\u00e0 nel pieno rispetto delle Condizioni generali di servizio, e che non violer\u00e0 i diritti di qualsiasi altro soggetto, che non costituir\u00e0 inadempimento di un obbligazione contrattuale o un obbligo legale nei confronti di terzo, e che non contravverr\u00e0 alle leggi vigenti. Inoltre conviene esplicitamente di manlevare da ogni responsabilit\u00e0, nei confronti di qualsiasi soggetto, derivante da un uso del Sito non conforme a queste Condizioni.<br \/>Dichiara, inoltre, di aver compiuto il diciottesimo anno di et\u00e0 e di essere legalmente capace a stipulare contratti e ad utilizzare questo Sito in piena conformit\u00e0 a tutte le Condizioni qui indicate.<\/p><p>All\u2019Utente \u00e8 fatto espressamente divieto di:<\/p><ul data-spread=\"false\"><li>utilizzare il Sito in maniera tale da danneggiare, mettere fuori servizio, sovraccaricare o comunque pregiudicare il funzionamento del Sito stesso o della rete\/i cui esso \u00e8 collegato;<\/li><li>porre in essere qualsivoglia azione che possa interferire o impedire l\u2019utilizzo del Sito da parte dei terzi;<\/li><li>tentare di accedere, con qualunque mezzo illecito al Sito o ad informazioni e\/o dati relativi agli Utenti registrati e\/o ad elaboratori e reti connesse al Sito stesso.<\/li><\/ul><p>WHR S.r.l. si riserva la facolt\u00e0 di rimuovere a proprio esclusivo ed insindacabile giudizio qualsiasi contenuto che risulti:<\/p><ul data-spread=\"false\"><li>illecito, diffamatorio, razzista o calunnioso;<\/li><li>istigatore all\u2019odio o alla violenza;<\/li><li>lesivo nei confronti di persone, istituzioni o religioni;<\/li><li>lesivo della privacy altrui;<\/li><li>dannoso per minori di et\u00e0;<\/li><li>lesivo nei confronti di marchi, brevetti e contenuti protetti dal diritto d\u2019autore (copyright);<\/li><li>contenente dati personali di terzi;<\/li><li>promotore di attivit\u00e0 commerciali.<\/li><\/ul><div>\u00a0<\/div><p><strong>Propriet\u00e0 dei contenuti<\/strong><\/p><p>Salvo che sia diversamente indicato, il Sito, la sua grafica, e tutti i testi, le immagini, i marchi, i loghi e quanto contenuto nel Sito \u00e8 di propriet\u00e0 di WHR S.r.l., e tutti i diritti sono riservati.<br \/>WHR S.r.l., il logo e tutti gli altri marchi sul Sito sono marchi registrati o comunque appartenenti a WHR S.r.l., oppure a terzi che hanno concesso espressamente l\u2019uso del marchio. Niente di quanto contenuto nel Sito pu\u00f2 essere inteso come una garanzia, implicita o altrimenti, di una licenza o diritto di utilizzo dei marchi senza la preventiva autorizzazione scritta di WHR S.r.l. o altra parte che sia titolare del marchio.<br \/>I suddetti diritti sono protetti dalle leggi e dai trattati internazionali applicabili in materia di tutela della propriet\u00e0 intellettuale, ed \u00e8 pertanto vietata, oltre che sanzionata civilmente e penalmente, ogni forma di riproduzione e ridistribuzione, anche parziale, del layout e della grafica del Sito, nonch\u00e9 dei contenuti in esso presenti, senza il preventivo consenso scritto di WHR S.r.l.<\/p><p>I contenuti di qualsivoglia natura (testi, immagini, video, ecc\u2026.) forniti ed immessi dagli Utenti, rimangono di esclusiva propriet\u00e0 degli Utenti e\/o dei terzi dai quali l\u2019Utente ha ottenuto il diritto all\u2019utilizzazione.<br \/>Inviando i suddetti contenuti, l\u2019Utente concede altres\u00ec al Sito il diritto di utilizzare, pubblicare, divulgare, duplicare, trasmettere, visualizzare, eseguire pubblicamente, i contenuti.<br \/>L\u2019Utente dichiara e garantisce che l\u2019invio dei contenuti e\/o l\u2019utilizzo degli stessi da parte del Sito non viola alcun diritto di propriet\u00e0 intellettuale o industriale e\/o diritto all\u2019immagine e\/o diritto alla riservatezza e\/o diritto alla segretezza di terzi. In particolare, l\u2019Utente dichiara e garantisce altres\u00ec di avere ottenuto tutti i necessari consensi ed approvazioni dagli eventuali terzi interessati, di aver corrisposto i diritti e gli oneri dovuti per legge, o contratto, a terzi e che nessun diritto di terzi osta affinch\u00e9 il Sito riceva ed utilizzi i contenuti ai sensi delle Condizioni Generali.<br \/>Conseguentemente, l\u2019Utente si impegna a manlevare e tenere indenne WHR S.r.l. da ogni e qualsivoglia pretesa, danno, pregiudizio, costo o spesa (inclusi anche i costi per l\u2019assistenza legale nonch\u00e9 quelli conseguenti ad eventuali provvedimenti giudiziali emessi nei confronti del Sito in cui dovesse incorrere a seguito della violazione da parte dell\u2019Utente di cui al presente paragrafo.<\/p><p><strong>Esclusione di garanzia e limitazione di responsabilit\u00e0<\/strong><\/p><p>Nei limiti previsti dalla legge e fatti salvi i diritti dei consumatori, WHR S.r.l. non fornisce alcuna garanzia sull\u2019idoneit\u00e0 del contenuto del sito, ad un qualsiasi scopo, tranne che non sia previsto diversamente per i servizi a pagamento.<br \/>Inoltre non assume alcuna garanzia circa l\u2019accuratezza o il carattere esclusivo del contenuto del sito, in particolare dei contenuti immessi personalmente dagli Utenti.<br \/>L\u2019Utente usa il Sito sotto la sua esclusiva responsabilit\u00e0, e WHR S.r.l., tranne per i servizi forniti a pagamento limitatamente allo scopo del servizio medesimo, non potr\u00e0 essere ritenuta responsabile, a titolo contrattuale o a titolo extracontrattuale, per perdite o danni derivanti dall\u2019uso del Sito, compresi, senza alcuna limitazione, qualsiasi danno (diretto, indiretto, punitivo o consequenziale) e qualsiasi perdita (di reddito, di profitti, di avviamento, di dati, di contratti, di impiego di denaro), nonch\u00e9 perdite o danni derivanti da interruzione di affari determinate dall\u2019uso o dall\u2019impossibilit\u00e0 di utilizzo ovvero dai risultati dell\u2019uso di questo Sito.<\/p><p><strong>Protezione dei Dati<\/strong><\/p><p>Il trattamento dei dati personali degli Utenti \u00e8 disciplinato in conformit\u00e0 alla normativa vigente, come descritto nell\u2019informativa disponibile alla pagina <a href=\"https:\/\/revolution-plus.tech\/wp-content\/uploads\/2025\/04\/INF09_Revolution_PrivacyPolicy_Rev1.pdf\">https:\/\/revolution-plus.tech\/wp-content\/uploads\/2025\/04\/INF09_Revolution_PrivacyPolicy_Rev1.pdf<\/a>. L\u2019accesso e l\u2019utilizzo del Sito implicano l\u2019accettazione anche della Privacy Policy.<\/p><p><strong>Utenti internazionali<\/strong><\/p><p>WHR S.r.l. non garantisce che le informazioni presenti nel Sito risultino corrette ed, in particolare, che i contenuti siano disponibili nello stesso aspetto esteriore, nello stesso formato ed alle stesse condizioni anche al di fuori dell\u2019Italia. L\u2019Utente, residente in un paese diverso dall\u2019Italia, che visita ed usa il Sito, si impegna a rispettare tutte le leggi applicabili relative alla trasmissione di dati e contenuti nel Paese in cui ha la residenza e, qualora scarichi informazioni e contenuti del Sito, si assume la responsabilit\u00e0 circa il rispetto della legislazione in vigore nel paese in cui risiede.<\/p><p><strong>Siti esterni<\/strong><\/p><p>Il Sito contiene link e banner a siti di terzi che non sono sotto il controllo di WHR S.r.l., e non assume alcuna responsabilit\u00e0 per i contenuti di tali siti o per i servizi da essi forniti. Il Sito fornisce tali link e banner ma ci\u00f2 non implica in alcun modo approvazione o affiliazione con il sito linkato. I siti linkati sono di propriet\u00e0 di terzi che li gestiscono autonomamente, e pertanto WHR S.r.l. non pu\u00f2 assicurare che l\u2019Utente sar\u00e0 soddisfatto dei loro prodotti o servizi o modalit\u00e0 imprenditoriali. Pertanto \u00e8 opportuno che l\u2019Utente svolga tutti gli accertamenti che riterr\u00e0 necessari ed opportuni prima di avviare alcuna transazione con tali soggetti.<\/p><p>Tramite questi siti esterni viene utilizzato il remarketing con Google Analytics per questioni pubblicitarie e i fornitori terzi utilizzano insieme cookie proprietari e cookie di terze parti per informare, ottimizzare e pubblicare annunci sulla base delle precedenti visite di un utente al tuo sito web.<\/p>\t\t\t\t\t\t\t\t<\/div>\n\t\t\t\t<\/div>\n\t\t\t\t\t<\/div>\n\t\t\t\t<\/div>\n\t\t\t\t<\/div>\n\t\t","protected":false},"excerpt":{"rendered":"<p>Condizioni generali del servizio Termini e condizioni d&#8217;uso I siti web, i domini e i sottodomini all&#8217;indirizzo https:\/\/revolution-plus.tech\/ (di seguito il Sito) sono di propriet\u00e0 esclusiva di WHR srl, con Sede Legale: 00192 Via Caio Mario, 7 Roma Sede operativa: Hotel Porta Maggiore &#8211; 00185 Piazza di Porta Maggiore, 25 Roma Il Sito non \u00e8 [&hellip;]<\/p>\n","protected":false},"author":2,"featured_media":0,"parent":0,"menu_order":0,"comment_status":"closed","ping_status":"closed","template":"","meta":{"_acf_changed":false,"footnotes":""},"class_list":["post-7867","page","type-page","status-publish","hentry"],"acf":[],"yoast_head":"<!-- This site is optimized with the Yoast SEO plugin v27.5 - https:\/\/yoast.com\/product\/yoast-seo-wordpress\/ -->\n<title>Termini e condizioni - Revolution Plus<\/title>\n<meta name=\"robots\" content=\"index, follow, max-snippet:-1, max-image-preview:large, max-video-preview:-1\" \/>\n<link rel=\"canonical\" href=\"https:\/\/revolution-plus.tech\/it\/termini-e-condizioni\/\" \/>\n<meta property=\"og:locale\" content=\"it_IT\" \/>\n<meta property=\"og:type\" content=\"article\" \/>\n<meta property=\"og:title\" content=\"Termini e condizioni - Revolution Plus\" \/>\n<meta property=\"og:description\" content=\"Condizioni generali del servizio Termini e condizioni d&#8217;uso I siti web, i domini e i sottodomini all&#8217;indirizzo https:\/\/revolution-plus.tech\/ (di seguito il Sito) sono di propriet\u00e0 esclusiva di WHR srl, con Sede Legale: 00192 Via Caio Mario, 7 Roma Sede operativa: Hotel Porta Maggiore &#8211; 00185 Piazza di Porta Maggiore, 25 Roma Il Sito non \u00e8 [&hellip;]\" \/>\n<meta property=\"og:url\" content=\"https:\/\/revolution-plus.tech\/it\/termini-e-condizioni\/\" \/>\n<meta property=\"og:site_name\" content=\"Revolution Plus\" \/>\n<meta property=\"article:modified_time\" content=\"2025-05-05T16:33:26+00:00\" \/>\n<meta name=\"twitter:card\" content=\"summary_large_image\" \/>\n<meta name=\"twitter:label1\" content=\"Tempo di lettura stimato\" \/>\n\t<meta name=\"twitter:data1\" content=\"7 minuti\" \/>\n<script type=\"application\/ld+json\" class=\"yoast-schema-graph\">{\"@context\":\"https:\\\/\\\/schema.org\",\"@graph\":[{\"@type\":\"WebPage\",\"@id\":\"https:\\\/\\\/revolution-plus.tech\\\/it\\\/termini-e-condizioni\\\/\",\"url\":\"https:\\\/\\\/revolution-plus.tech\\\/it\\\/termini-e-condizioni\\\/\",\"name\":\"Termini e condizioni - Revolution Plus\",\"isPartOf\":{\"@id\":\"https:\\\/\\\/revolution-plus.tech\\\/#website\"},\"datePublished\":\"2025-04-23T12:29:10+00:00\",\"dateModified\":\"2025-05-05T16:33:26+00:00\",\"breadcrumb\":{\"@id\":\"https:\\\/\\\/revolution-plus.tech\\\/it\\\/termini-e-condizioni\\\/#breadcrumb\"},\"inLanguage\":\"it-IT\",\"potentialAction\":[{\"@type\":\"ReadAction\",\"target\":[\"https:\\\/\\\/revolution-plus.tech\\\/it\\\/termini-e-condizioni\\\/\"]}]},{\"@type\":\"BreadcrumbList\",\"@id\":\"https:\\\/\\\/revolution-plus.tech\\\/it\\\/termini-e-condizioni\\\/#breadcrumb\",\"itemListElement\":[{\"@type\":\"ListItem\",\"position\":1,\"name\":\"Home\",\"item\":\"https:\\\/\\\/revolution-plus.tech\\\/\"},{\"@type\":\"ListItem\",\"position\":2,\"name\":\"Termini e condizioni\"}]},{\"@type\":\"WebSite\",\"@id\":\"https:\\\/\\\/revolution-plus.tech\\\/#website\",\"url\":\"https:\\\/\\\/revolution-plus.tech\\\/\",\"name\":\"Revolution Plus\",\"description\":\"\",\"publisher\":{\"@id\":\"https:\\\/\\\/revolution-plus.tech\\\/#organization\"},\"potentialAction\":[{\"@type\":\"SearchAction\",\"target\":{\"@type\":\"EntryPoint\",\"urlTemplate\":\"https:\\\/\\\/revolution-plus.tech\\\/?s={search_term_string}\"},\"query-input\":{\"@type\":\"PropertyValueSpecification\",\"valueRequired\":true,\"valueName\":\"search_term_string\"}}],\"inLanguage\":\"it-IT\"},{\"@type\":\"Organization\",\"@id\":\"https:\\\/\\\/revolution-plus.tech\\\/#organization\",\"name\":\"Revolution Plus\",\"url\":\"https:\\\/\\\/revolution-plus.tech\\\/\",\"logo\":{\"@type\":\"ImageObject\",\"inLanguage\":\"it-IT\",\"@id\":\"https:\\\/\\\/revolution-plus.tech\\\/#\\\/schema\\\/logo\\\/image\\\/\",\"url\":\"https:\\\/\\\/revolution-plus.tech\\\/wp-content\\\/uploads\\\/2024\\\/06\\\/Logotipo-associato-negativo.png\",\"contentUrl\":\"https:\\\/\\\/revolution-plus.tech\\\/wp-content\\\/uploads\\\/2024\\\/06\\\/Logotipo-associato-negativo.png\",\"width\":6667,\"height\":2398,\"caption\":\"Revolution Plus\"},\"image\":{\"@id\":\"https:\\\/\\\/revolution-plus.tech\\\/#\\\/schema\\\/logo\\\/image\\\/\"}}]}<\/script>\n<!-- \/ Yoast SEO plugin. -->","yoast_head_json":{"title":"Termini e condizioni - Revolution Plus","robots":{"index":"index","follow":"follow","max-snippet":"max-snippet:-1","max-image-preview":"max-image-preview:large","max-video-preview":"max-video-preview:-1"},"canonical":"https:\/\/revolution-plus.tech\/it\/termini-e-condizioni\/","og_locale":"it_IT","og_type":"article","og_title":"Termini e condizioni - Revolution Plus","og_description":"Condizioni generali del servizio Termini e condizioni d&#8217;uso I siti web, i domini e i sottodomini all&#8217;indirizzo https:\/\/revolution-plus.tech\/ (di seguito il Sito) sono di propriet\u00e0 esclusiva di WHR srl, con Sede Legale: 00192 Via Caio Mario, 7 Roma Sede operativa: Hotel Porta Maggiore &#8211; 00185 Piazza di Porta Maggiore, 25 Roma Il Sito non \u00e8 [&hellip;]","og_url":"https:\/\/revolution-plus.tech\/it\/termini-e-condizioni\/","og_site_name":"Revolution Plus","article_modified_time":"2025-05-05T16:33:26+00:00","twitter_card":"summary_large_image","twitter_misc":{"Tempo di lettura stimato":"7 minuti"},"schema":{"@context":"https:\/\/schema.org","@graph":[{"@type":"WebPage","@id":"https:\/\/revolution-plus.tech\/it\/termini-e-condizioni\/","url":"https:\/\/revolution-plus.tech\/it\/termini-e-condizioni\/","name":"Termini e condizioni - Revolution Plus","isPartOf":{"@id":"https:\/\/revolution-plus.tech\/#website"},"datePublished":"2025-04-23T12:29:10+00:00","dateModified":"2025-05-05T16:33:26+00:00","breadcrumb":{"@id":"https:\/\/revolution-plus.tech\/it\/termini-e-condizioni\/#breadcrumb"},"inLanguage":"it-IT","potentialAction":[{"@type":"ReadAction","target":["https:\/\/revolution-plus.tech\/it\/termini-e-condizioni\/"]}]},{"@type":"BreadcrumbList","@id":"https:\/\/revolution-plus.tech\/it\/termini-e-condizioni\/#breadcrumb","itemListElement":[{"@type":"ListItem","position":1,"name":"Home","item":"https:\/\/revolution-plus.tech\/"},{"@type":"ListItem","position":2,"name":"Termini e condizioni"}]},{"@type":"WebSite","@id":"https:\/\/revolution-plus.tech\/#website","url":"https:\/\/revolution-plus.tech\/","name":"Revolution Plus","description":"","publisher":{"@id":"https:\/\/revolution-plus.tech\/#organization"},"potentialAction":[{"@type":"SearchAction","target":{"@type":"EntryPoint","urlTemplate":"https:\/\/revolution-plus.tech\/?s={search_term_string}"},"query-input":{"@type":"PropertyValueSpecification","valueRequired":true,"valueName":"search_term_string"}}],"inLanguage":"it-IT"},{"@type":"Organization","@id":"https:\/\/revolution-plus.tech\/#organization","name":"Revolution Plus","url":"https:\/\/revolution-plus.tech\/","logo":{"@type":"ImageObject","inLanguage":"it-IT","@id":"https:\/\/revolution-plus.tech\/#\/schema\/logo\/image\/","url":"https:\/\/revolution-plus.tech\/wp-content\/uploads\/2024\/06\/Logotipo-associato-negativo.png","contentUrl":"https:\/\/revolution-plus.tech\/wp-content\/uploads\/2024\/06\/Logotipo-associato-negativo.png","width":6667,"height":2398,"caption":"Revolution Plus"},"image":{"@id":"https:\/\/revolution-plus.tech\/#\/schema\/logo\/image\/"}}]}},"_links":{"self":[{"href":"https:\/\/revolution-plus.tech\/it\/wp-json\/wp\/v2\/pages\/7867","targetHints":{"allow":["GET"]}}],"collection":[{"href":"https:\/\/revolution-plus.tech\/it\/wp-json\/wp\/v2\/pages"}],"about":[{"href":"https:\/\/revolution-plus.tech\/it\/wp-json\/wp\/v2\/types\/page"}],"author":[{"embeddable":true,"href":"https:\/\/revolution-plus.tech\/it\/wp-json\/wp\/v2\/users\/2"}],"replies":[{"embeddable":true,"href":"https:\/\/revolution-plus.tech\/it\/wp-json\/wp\/v2\/comments?post=7867"}],"version-history":[{"count":7,"href":"https:\/\/revolution-plus.tech\/it\/wp-json\/wp\/v2\/pages\/7867\/revisions"}],"predecessor-version":[{"id":8026,"href":"https:\/\/revolution-plus.tech\/it\/wp-json\/wp\/v2\/pages\/7867\/revisions\/8026"}],"wp:attachment":[{"href":"https:\/\/revolution-plus.tech\/it\/wp-json\/wp\/v2\/media?parent=7867"}],"curies":[{"name":"wp","href":"https:\/\/api.w.org\/{rel}","templated":true}]}}