{"id":7871,"date":"2025-04-23T14:29:10","date_gmt":"2025-04-23T12:29:10","guid":{"rendered":"https:\/\/revolution-plus.tech\/conditions-generales-dutilisation\/"},"modified":"2025-04-23T15:29:09","modified_gmt":"2025-04-23T13:29:09","slug":"conditions-generales-dutilisation","status":"publish","type":"page","link":"https:\/\/revolution-plus.tech\/fr\/conditions-generales-dutilisation\/","title":{"rendered":"Conditions g\u00e9n\u00e9rales d\u2019utilisation"},"content":{"rendered":"\t\t<div data-elementor-type=\"wp-page\" data-elementor-id=\"7871\" class=\"elementor elementor-7871 elementor-7845\" data-elementor-post-type=\"page\">\n\t\t\t\t<div class=\"elementor-element elementor-element-b762b51 e-con-full marquee_wow e-flex e-con e-parent\" data-id=\"b762b51\" data-element_type=\"container\" data-e-type=\"container\">\n\t\t\t\t<div class=\"elementor-element elementor-element-eccf615 elementor-widget elementor-widget-heading\" data-id=\"eccf615\" data-element_type=\"widget\" data-e-type=\"widget\" data-settings=\"{&quot;motion_fx_motion_fx_scrolling&quot;:&quot;yes&quot;,&quot;motion_fx_opacity_effect&quot;:&quot;yes&quot;,&quot;motion_fx_opacity_direction&quot;:&quot;out-in-out&quot;,&quot;motion_fx_opacity_range&quot;:{&quot;unit&quot;:&quot;%&quot;,&quot;size&quot;:&quot;&quot;,&quot;sizes&quot;:{&quot;start&quot;:30,&quot;end&quot;:61}},&quot;motion_fx_opacity_level&quot;:{&quot;unit&quot;:&quot;px&quot;,&quot;size&quot;:10,&quot;sizes&quot;:[]},&quot;motion_fx_devices&quot;:[&quot;widescreen&quot;,&quot;desktop&quot;,&quot;laptop&quot;,&quot;tablet_extra&quot;,&quot;tablet&quot;,&quot;mobile_extra&quot;,&quot;mobile&quot;]}\" data-widget_type=\"heading.default\">\n\t\t\t\t<div class=\"elementor-widget-container\">\n\t\t\t\t\t<h1 class=\"elementor-heading-title elementor-size-default\"><span style=\"color:#FE3C28\">Conditions<\/span> g\u00e9n\u00e9rales d\u2019utilisation<\/h1>\t\t\t\t<\/div>\n\t\t\t\t<\/div>\n\t\t\t\t<\/div>\n\t\t<div class=\"elementor-element elementor-element-0a907e9 e-flex e-con-boxed e-con e-parent\" data-id=\"0a907e9\" data-element_type=\"container\" data-e-type=\"container\">\n\t\t\t\t\t<div class=\"e-con-inner\">\n\t\t\t\t<div class=\"elementor-element elementor-element-d0b490d elementor-widget elementor-widget-text-editor\" data-id=\"d0b490d\" data-element_type=\"widget\" data-e-type=\"widget\" data-widget_type=\"text-editor.default\">\n\t\t\t\t<div class=\"elementor-widget-container\">\n\t\t\t\t\t\t\t\t\t<h3>Conditions g\u00e9n\u00e9rales d\u2019utilisation<\/h3><p>Les sites web, domaines et sous-domaines \u00e0 l\u2019adresse <a href=\"https:\/\/revolution-plus.tech\/fr\/\">https:\/\/revolution-plus.tech\/<\/a> (ci-apr\u00e8s d\u00e9sign\u00e9s comme le Site) sont la propri\u00e9t\u00e9 exclusive de WHR srl, dont le si\u00e8ge est situ\u00e9 : Si\u00e8ge social : 00192 Via Caio Mario, 7 Roma Si\u00e8ge op\u00e9rationnel : 00185 Piazza di Porta Maggiore, 25 Roma<\/p><p>Le Site n\u2019est pas mis \u00e0 jour de mani\u00e8re r\u00e9guli\u00e8re et p\u00e9riodique, et n\u2019a donc pas \u00e0 \u00eatre enregistr\u00e9 comme publication p\u00e9riodique conform\u00e9ment \u00e0 la loi 47\/1948.<\/p><p><strong>Acceptation des conditions<\/strong> <\/p><p>Les pr\u00e9sentes Conditions g\u00e9n\u00e9rales d\u2019utilisation contiennent les termes et conditions r\u00e9gissant l\u2019utilisation des services propos\u00e9s. En acceptant ces conditions lors du processus d\u2019inscription et en utilisant le Site, l\u2019Utilisateur accepte express\u00e9ment de se conformer aux pr\u00e9sentes conditions. <\/p><p>L\u2019UTILISATION CONTINUE DU SITE CONSTITUE UNE ACCEPTATION EXPRESSE PAR L\u2019UTILISATEUR<\/p><p><strong>Modification des conditions<\/strong> <\/p><p>Les pr\u00e9sentes conditions peuvent \u00eatre modifi\u00e9es \u00e0 tout moment, \u00e0 la seule discr\u00e9tion des propri\u00e9taires, si cela est jug\u00e9 n\u00e9cessaire pour des raisons juridiques ou techniques. Sous r\u00e9serve des recours pr\u00e9vus par la loi en cas d\u2019inex\u00e9cution contractuelle ou de non-respect de la l\u00e9gislation en vigueur, WHR se r\u00e9serve le droit d\u2019envoyer des notifications \u00e0 l\u2019Utilisateur, de suspendre les comptes temporairement ou d\u00e9finitivement et d\u2019interrompre la fourniture de tout ou partie de ses services en cas : a) de violation des pr\u00e9sentes Conditions g\u00e9n\u00e9rales ; b) d\u2019impossibilit\u00e9 pour le Site de v\u00e9rifier l\u2019authenticit\u00e9 des informations fournies lors de l\u2019inscription ou de l\u2019utilisation du service ; c) d\u2019actions pouvant entra\u00eener un pr\u00e9judice \u00e9conomique ou une responsabilit\u00e9 juridique pour le Site ou d\u2019autres Utilisateurs ; d) de raisons de s\u00e9curit\u00e9 ou de pr\u00e9vention d\u2019acc\u00e8s non autoris\u00e9 au Site ; e) de cessation totale ou partielle des services.      <\/p><p><strong>Utilisation du Site<\/strong> <\/p><p>L\u2019Utilisateur accepte express\u00e9ment et garantit que l\u2019utilisation du Site et des services propos\u00e9s se fera dans le respect total des pr\u00e9sentes Conditions g\u00e9n\u00e9rales d\u2019utilisation, qu\u2019il ne portera atteinte \u00e0 aucun droit de tiers, ne constituera pas une violation d\u2019une obligation contractuelle ou l\u00e9gale, et ne contreviendra pas \u00e0 la l\u00e9gislation en vigueur. L\u2019Utilisateur s\u2019engage \u00e9galement \u00e0 d\u00e9gager WHR de toute responsabilit\u00e9 envers toute personne r\u00e9sultant d\u2019une utilisation non conforme du Site. L\u2019Utilisateur d\u00e9clare avoir au moins dix-huit ans et \u00eatre l\u00e9galement capable de conclure des contrats et d\u2019utiliser le Site conform\u00e9ment aux pr\u00e9sentes conditions.  <\/p><p>Il est express\u00e9ment interdit \u00e0 l\u2019Utilisateur de :<\/p><ul data-spread=\"false\"><li>utiliser le Site de mani\u00e8re \u00e0 l\u2019endommager, le d\u00e9sactiver, le surcharger ou en compromettre le fonctionnement, ainsi que les r\u00e9seaux auxquels il est connect\u00e9 ;<\/li><li>entreprendre toute action susceptible de g\u00eaner ou d\u2019emp\u00eacher l\u2019utilisation du Site par des tiers ;<\/li><li>tenter d\u2019acc\u00e9der, par des moyens illicites, au Site ou \u00e0 des informations\/donn\u00e9es relatives aux Utilisateurs enregistr\u00e9s et\/ou aux syst\u00e8mes et r\u00e9seaux connect\u00e9s au Site.<\/li><\/ul><p>WHR S.r.l. se r\u00e9serve le droit, \u00e0 sa seule et enti\u00e8re discr\u00e9tion, de supprimer tout contenu jug\u00e9 :<\/p><ul data-spread=\"false\"><li>illicite, diffamatoire, raciste ou calomnieux ;<\/li><li>incitant \u00e0 la haine ou \u00e0 la violence ;<\/li><li>offensant envers des personnes, institutions ou religions ;<\/li><li>portant atteinte \u00e0 la vie priv\u00e9e d\u2019autrui ;<\/li><li>nuisible aux mineurs ;<\/li><li>portant atteinte \u00e0 des marques, brevets ou droits d\u2019auteur ;<\/li><li>contenant des donn\u00e9es personnelles de tiers ;<\/li><li>faisant la promotion d\u2019activit\u00e9s commerciales.<\/li><\/ul><div> <\/div><p><strong>Propri\u00e9t\u00e9 des contenus<\/strong> <\/p><p>Sauf indication contraire, le Site, ses \u00e9l\u00e9ments graphiques, tous les textes, images, marques, logos et autres contenus sont la propri\u00e9t\u00e9 de WHR S.r.l. et tous droits sont r\u00e9serv\u00e9s. WHR S.r.l., son logo et toutes les autres marques pr\u00e9sentes sur le Site sont des marques enregistr\u00e9es ou appartiennent \u00e0 WHR S.r.l. ou \u00e0 des tiers ayant express\u00e9ment autoris\u00e9 leur utilisation. Aucun \u00e9l\u00e9ment contenu sur le Site ne doit \u00eatre interpr\u00e9t\u00e9 comme une licence ou un droit d\u2019utilisation des marques sans autorisation \u00e9crite pr\u00e9alable de WHR S.r.l. ou du titulaire de la marque concern\u00e9e. Ces droits sont prot\u00e9g\u00e9s par les lois et trait\u00e9s internationaux en vigueur relatifs \u00e0 la propri\u00e9t\u00e9 intellectuelle. Toute reproduction ou redistribution, m\u00eame partielle, de la mise en page, du graphisme ou des contenus du Site sans autorisation \u00e9crite pr\u00e9alable de WHR S.r.l. est interdite et peut faire l\u2019objet de sanctions civiles et p\u00e9nales.    <\/p><p>Tout contenu (textes, images, vid\u00e9os, etc.) fourni et t\u00e9l\u00e9charg\u00e9 par les Utilisateurs reste la propri\u00e9t\u00e9 exclusive des Utilisateurs et\/ou des tiers aupr\u00e8s desquels ils ont obtenu les droits d\u2019utilisation. En soumettant de tels contenus, l\u2019Utilisateur accorde \u00e9galement au Site le droit d\u2019utiliser, de publier, de divulguer, de reproduire, de transmettre, d\u2019afficher et de repr\u00e9senter publiquement lesdits contenus. L\u2019Utilisateur d\u00e9clare et garantit que la soumission et\/ou l\u2019utilisation de ces contenus par le Site ne viole aucun droit de propri\u00e9t\u00e9 intellectuelle ou industrielle, droit \u00e0 l\u2019image, droit \u00e0 la vie priv\u00e9e ou droit \u00e0 la confidentialit\u00e9 de tiers. L\u2019Utilisateur d\u00e9clare en particulier avoir obtenu toutes les autorisations n\u00e9cessaires des parties concern\u00e9es, avoir r\u00e9gl\u00e9 les droits ou frais exig\u00e9s par la loi ou le contrat, et qu\u2019aucun droit de tiers ne fait obstacle \u00e0 la r\u00e9ception et \u00e0 l\u2019utilisation des contenus par le Site conform\u00e9ment aux pr\u00e9sentes Conditions g\u00e9n\u00e9rales. En cons\u00e9quence, l\u2019Utilisateur s\u2019engage \u00e0 indemniser WHR S.r.l. de toute r\u00e9clamation, dommage, pr\u00e9judice, co\u00fbt ou d\u00e9pense (y compris les frais d\u2019avocat et toute d\u00e9cision judiciaire) r\u00e9sultant d\u2019une violation de cette clause.    <\/p><p><strong>Exclusion de garantie et limitation de responsabilit\u00e9<\/strong> <\/p><p>Dans les limites pr\u00e9vues par la loi et sans pr\u00e9judice des droits des consommateurs, WHR S.r.l. ne fournit aucune garantie quant \u00e0 l\u2019ad\u00e9quation du contenu du Site \u00e0 un usage particulier, sauf disposition contraire pour les services payants. WHR S.r.l. ne garantit pas non plus l\u2019exactitude ou l\u2019exclusivit\u00e9 du contenu du Site, en particulier celui fourni par les Utilisateurs. L\u2019Utilisateur utilise le Site \u00e0 ses risques et p\u00e9rils, et WHR S.r.l. ne pourra \u00eatre tenue responsable \u2013 sauf pour les services payants, dans les limites de leur objet \u2013 de toute perte ou dommage r\u00e9sultant de l\u2019utilisation du Site, y compris, sans limitation, les dommages (directs, indirects, punitifs ou cons\u00e9cutifs) et pertes (de revenus, b\u00e9n\u00e9fices, client\u00e8le, donn\u00e9es, contrats, argent), ainsi que les interruptions d\u2019activit\u00e9 caus\u00e9es par l\u2019utilisation ou l\u2019impossibilit\u00e9 d\u2019utiliser le Site ou les r\u00e9sultats de cette utilisation.   <\/p><p><strong>Protection des donn\u00e9es personnelles<\/strong> <\/p><p>Le traitement des donn\u00e9es personnelles des Utilisateurs est r\u00e9gi conform\u00e9ment \u00e0 la l\u00e9gislation en vigueur, comme d\u00e9crit dans la Politique de confidentialit\u00e9 disponible \u00e0 l\u2019adresse <a href=\"https:\/\/revolution-plus.tech\/wp-content\/uploads\/2025\/04\/INF09_Revolution_PrivacyPolicy_Rev1_EN.pdf\">https:\/\/revolution-plus.tech\/wp-content\/uploads\/2025\/04\/INF09_Revolution_PrivacyPolicy_Rev1_EN.pdf<\/a>. L\u2019acc\u00e8s au Site et son utilisation impliquent l\u2019acceptation de ladite politique. <\/p><p><strong>Utilisateurs internationaux<\/strong> <\/p><p>WHR S.r.l. ne garantit pas que les informations disponibles sur le Site soient correctes, ni que les contenus soient disponibles dans le m\u00eame format et aux m\u00eames conditions hors d\u2019Italie. Les Utilisateurs r\u00e9sidant \u00e0 l\u2019\u00e9tranger qui acc\u00e8dent au Site s\u2019engagent \u00e0 respecter toutes les lois applicables en mati\u00e8re de transmission de donn\u00e9es et de contenus dans leur pays de r\u00e9sidence. En t\u00e9l\u00e9chargeant des contenus depuis le Site, l\u2019Utilisateur est responsable du respect des lois en vigueur dans son pays.  <\/p><p><strong>Sites externes<\/strong> <\/p><p>Le Site contient des liens et banni\u00e8res vers des sites tiers qui ne sont pas contr\u00f4l\u00e9s par WHR S.r.l. et pour lesquels cette derni\u00e8re n\u2019assume aucune responsabilit\u00e9 quant aux contenus ou services propos\u00e9s. La pr\u00e9sence de ces liens n\u2019implique aucune approbation ou affiliation avec les sites en question. Ces sites sont exploit\u00e9s de mani\u00e8re ind\u00e9pendante et WHR S.r.l. ne garantit pas que l\u2019Utilisateur sera satisfait de leurs produits, services ou pratiques commerciales. Il appartient donc \u00e0 l\u2019Utilisateur d\u2019effectuer les v\u00e9rifications n\u00e9cessaires avant toute transaction avec ces tiers.   <\/p><p>Ces sites externes utilisent le remarketing avec Google Analytics \u00e0 des fins publicitaires, et des fournisseurs tiers utilisent conjointement des cookies propri\u00e9taires et des cookies tiers pour informer, optimiser et diffuser des annonces bas\u00e9es sur les visites pr\u00e9c\u00e9dentes d\u2019un utilisateur sur le site.<\/p>\t\t\t\t\t\t\t\t<\/div>\n\t\t\t\t<\/div>\n\t\t\t\t\t<\/div>\n\t\t\t\t<\/div>\n\t\t\t\t<\/div>\n\t\t","protected":false},"excerpt":{"rendered":"<p>Conditions g\u00e9n\u00e9rales d\u2019utilisation Conditions g\u00e9n\u00e9rales d\u2019utilisation Les sites web, domaines et sous-domaines \u00e0 l\u2019adresse https:\/\/revolution-plus.tech\/ (ci-apr\u00e8s d\u00e9sign\u00e9s comme le Site) sont la propri\u00e9t\u00e9 exclusive de WHR srl, dont le si\u00e8ge est situ\u00e9 : Si\u00e8ge social : 00192 Via Caio Mario, 7 Roma Si\u00e8ge op\u00e9rationnel : 00185 Piazza di Porta Maggiore, 25 Roma Le Site n\u2019est [&hellip;]<\/p>\n","protected":false},"author":2,"featured_media":0,"parent":0,"menu_order":0,"comment_status":"closed","ping_status":"closed","template":"","meta":{"_acf_changed":false,"footnotes":""},"class_list":["post-7871","page","type-page","status-publish","hentry"],"acf":[],"yoast_head":"<!-- This site is optimized with the Yoast SEO plugin v27.5 - https:\/\/yoast.com\/product\/yoast-seo-wordpress\/ -->\n<title>Conditions g\u00e9n\u00e9rales d\u2019utilisation - Revolution Plus<\/title>\n<meta name=\"robots\" content=\"index, follow, max-snippet:-1, max-image-preview:large, max-video-preview:-1\" \/>\n<link rel=\"canonical\" href=\"https:\/\/revolution-plus.tech\/termini-e-condizioni\/\" \/>\n<meta property=\"og:locale\" content=\"fr_FR\" \/>\n<meta property=\"og:type\" content=\"article\" \/>\n<meta property=\"og:title\" content=\"Conditions g\u00e9n\u00e9rales d\u2019utilisation - Revolution Plus\" \/>\n<meta property=\"og:description\" content=\"Conditions g\u00e9n\u00e9rales d\u2019utilisation Conditions g\u00e9n\u00e9rales d\u2019utilisation Les sites web, domaines et sous-domaines \u00e0 l\u2019adresse https:\/\/revolution-plus.tech\/ (ci-apr\u00e8s d\u00e9sign\u00e9s comme le Site) sont la propri\u00e9t\u00e9 exclusive de WHR srl, dont le si\u00e8ge est situ\u00e9 : Si\u00e8ge social : 00192 Via Caio Mario, 7 Roma Si\u00e8ge op\u00e9rationnel : 00185 Piazza di Porta Maggiore, 25 Roma Le Site n\u2019est [&hellip;]\" \/>\n<meta property=\"og:url\" content=\"https:\/\/revolution-plus.tech\/termini-e-condizioni\/\" \/>\n<meta property=\"og:site_name\" content=\"Revolution Plus\" \/>\n<meta property=\"article:modified_time\" content=\"2025-04-23T13:29:09+00:00\" \/>\n<meta name=\"twitter:card\" content=\"summary_large_image\" \/>\n<meta name=\"twitter:label1\" content=\"Dur\u00e9e de lecture estim\u00e9e\" \/>\n\t<meta name=\"twitter:data1\" content=\"7 minutes\" \/>\n<script type=\"application\/ld+json\" class=\"yoast-schema-graph\">{\"@context\":\"https:\\\/\\\/schema.org\",\"@graph\":[{\"@type\":\"WebPage\",\"@id\":\"https:\\\/\\\/revolution-plus.tech\\\/termini-e-condizioni\\\/\",\"url\":\"https:\\\/\\\/revolution-plus.tech\\\/termini-e-condizioni\\\/\",\"name\":\"Conditions g\u00e9n\u00e9rales d\u2019utilisation - Revolution Plus\",\"isPartOf\":{\"@id\":\"https:\\\/\\\/revolution-plus.tech\\\/#website\"},\"datePublished\":\"2025-04-23T12:29:10+00:00\",\"dateModified\":\"2025-04-23T13:29:09+00:00\",\"breadcrumb\":{\"@id\":\"https:\\\/\\\/revolution-plus.tech\\\/termini-e-condizioni\\\/#breadcrumb\"},\"inLanguage\":\"fr-FR\",\"potentialAction\":[{\"@type\":\"ReadAction\",\"target\":[\"https:\\\/\\\/revolution-plus.tech\\\/termini-e-condizioni\\\/\"]}]},{\"@type\":\"BreadcrumbList\",\"@id\":\"https:\\\/\\\/revolution-plus.tech\\\/termini-e-condizioni\\\/#breadcrumb\",\"itemListElement\":[{\"@type\":\"ListItem\",\"position\":1,\"name\":\"Home\",\"item\":\"https:\\\/\\\/revolution-plus.tech\\\/\"},{\"@type\":\"ListItem\",\"position\":2,\"name\":\"Conditions g\u00e9n\u00e9rales d\u2019utilisation\"}]},{\"@type\":\"WebSite\",\"@id\":\"https:\\\/\\\/revolution-plus.tech\\\/#website\",\"url\":\"https:\\\/\\\/revolution-plus.tech\\\/\",\"name\":\"Revolution Plus\",\"description\":\"\",\"publisher\":{\"@id\":\"https:\\\/\\\/revolution-plus.tech\\\/#organization\"},\"potentialAction\":[{\"@type\":\"SearchAction\",\"target\":{\"@type\":\"EntryPoint\",\"urlTemplate\":\"https:\\\/\\\/revolution-plus.tech\\\/?s={search_term_string}\"},\"query-input\":{\"@type\":\"PropertyValueSpecification\",\"valueRequired\":true,\"valueName\":\"search_term_string\"}}],\"inLanguage\":\"fr-FR\"},{\"@type\":\"Organization\",\"@id\":\"https:\\\/\\\/revolution-plus.tech\\\/#organization\",\"name\":\"Revolution Plus\",\"url\":\"https:\\\/\\\/revolution-plus.tech\\\/\",\"logo\":{\"@type\":\"ImageObject\",\"inLanguage\":\"fr-FR\",\"@id\":\"https:\\\/\\\/revolution-plus.tech\\\/#\\\/schema\\\/logo\\\/image\\\/\",\"url\":\"https:\\\/\\\/revolution-plus.tech\\\/wp-content\\\/uploads\\\/2024\\\/06\\\/Logotipo-associato-negativo.png\",\"contentUrl\":\"https:\\\/\\\/revolution-plus.tech\\\/wp-content\\\/uploads\\\/2024\\\/06\\\/Logotipo-associato-negativo.png\",\"width\":6667,\"height\":2398,\"caption\":\"Revolution Plus\"},\"image\":{\"@id\":\"https:\\\/\\\/revolution-plus.tech\\\/#\\\/schema\\\/logo\\\/image\\\/\"}}]}<\/script>\n<!-- \/ Yoast SEO plugin. -->","yoast_head_json":{"title":"Conditions g\u00e9n\u00e9rales d\u2019utilisation - Revolution Plus","robots":{"index":"index","follow":"follow","max-snippet":"max-snippet:-1","max-image-preview":"max-image-preview:large","max-video-preview":"max-video-preview:-1"},"canonical":"https:\/\/revolution-plus.tech\/termini-e-condizioni\/","og_locale":"fr_FR","og_type":"article","og_title":"Conditions g\u00e9n\u00e9rales d\u2019utilisation - Revolution Plus","og_description":"Conditions g\u00e9n\u00e9rales d\u2019utilisation Conditions g\u00e9n\u00e9rales d\u2019utilisation Les sites web, domaines et sous-domaines \u00e0 l\u2019adresse https:\/\/revolution-plus.tech\/ (ci-apr\u00e8s d\u00e9sign\u00e9s comme le Site) sont la propri\u00e9t\u00e9 exclusive de WHR srl, dont le si\u00e8ge est situ\u00e9 : Si\u00e8ge social : 00192 Via Caio Mario, 7 Roma Si\u00e8ge op\u00e9rationnel : 00185 Piazza di Porta Maggiore, 25 Roma Le Site n\u2019est [&hellip;]","og_url":"https:\/\/revolution-plus.tech\/termini-e-condizioni\/","og_site_name":"Revolution Plus","article_modified_time":"2025-04-23T13:29:09+00:00","twitter_card":"summary_large_image","twitter_misc":{"Dur\u00e9e de lecture estim\u00e9e":"7 minutes"},"schema":{"@context":"https:\/\/schema.org","@graph":[{"@type":"WebPage","@id":"https:\/\/revolution-plus.tech\/termini-e-condizioni\/","url":"https:\/\/revolution-plus.tech\/termini-e-condizioni\/","name":"Conditions g\u00e9n\u00e9rales d\u2019utilisation - Revolution Plus","isPartOf":{"@id":"https:\/\/revolution-plus.tech\/#website"},"datePublished":"2025-04-23T12:29:10+00:00","dateModified":"2025-04-23T13:29:09+00:00","breadcrumb":{"@id":"https:\/\/revolution-plus.tech\/termini-e-condizioni\/#breadcrumb"},"inLanguage":"fr-FR","potentialAction":[{"@type":"ReadAction","target":["https:\/\/revolution-plus.tech\/termini-e-condizioni\/"]}]},{"@type":"BreadcrumbList","@id":"https:\/\/revolution-plus.tech\/termini-e-condizioni\/#breadcrumb","itemListElement":[{"@type":"ListItem","position":1,"name":"Home","item":"https:\/\/revolution-plus.tech\/"},{"@type":"ListItem","position":2,"name":"Conditions g\u00e9n\u00e9rales d\u2019utilisation"}]},{"@type":"WebSite","@id":"https:\/\/revolution-plus.tech\/#website","url":"https:\/\/revolution-plus.tech\/","name":"Revolution Plus","description":"","publisher":{"@id":"https:\/\/revolution-plus.tech\/#organization"},"potentialAction":[{"@type":"SearchAction","target":{"@type":"EntryPoint","urlTemplate":"https:\/\/revolution-plus.tech\/?s={search_term_string}"},"query-input":{"@type":"PropertyValueSpecification","valueRequired":true,"valueName":"search_term_string"}}],"inLanguage":"fr-FR"},{"@type":"Organization","@id":"https:\/\/revolution-plus.tech\/#organization","name":"Revolution Plus","url":"https:\/\/revolution-plus.tech\/","logo":{"@type":"ImageObject","inLanguage":"fr-FR","@id":"https:\/\/revolution-plus.tech\/#\/schema\/logo\/image\/","url":"https:\/\/revolution-plus.tech\/wp-content\/uploads\/2024\/06\/Logotipo-associato-negativo.png","contentUrl":"https:\/\/revolution-plus.tech\/wp-content\/uploads\/2024\/06\/Logotipo-associato-negativo.png","width":6667,"height":2398,"caption":"Revolution Plus"},"image":{"@id":"https:\/\/revolution-plus.tech\/#\/schema\/logo\/image\/"}}]}},"_links":{"self":[{"href":"https:\/\/revolution-plus.tech\/fr\/wp-json\/wp\/v2\/pages\/7871","targetHints":{"allow":["GET"]}}],"collection":[{"href":"https:\/\/revolution-plus.tech\/fr\/wp-json\/wp\/v2\/pages"}],"about":[{"href":"https:\/\/revolution-plus.tech\/fr\/wp-json\/wp\/v2\/types\/page"}],"author":[{"embeddable":true,"href":"https:\/\/revolution-plus.tech\/fr\/wp-json\/wp\/v2\/users\/2"}],"replies":[{"embeddable":true,"href":"https:\/\/revolution-plus.tech\/fr\/wp-json\/wp\/v2\/comments?post=7871"}],"version-history":[{"count":1,"href":"https:\/\/revolution-plus.tech\/fr\/wp-json\/wp\/v2\/pages\/7871\/revisions"}],"predecessor-version":[{"id":7872,"href":"https:\/\/revolution-plus.tech\/fr\/wp-json\/wp\/v2\/pages\/7871\/revisions\/7872"}],"wp:attachment":[{"href":"https:\/\/revolution-plus.tech\/fr\/wp-json\/wp\/v2\/media?parent=7871"}],"curies":[{"name":"wp","href":"https:\/\/api.w.org\/{rel}","templated":true}]}}