{"id":7869,"date":"2025-04-23T14:29:10","date_gmt":"2025-04-23T12:29:10","guid":{"rendered":"https:\/\/revolution-plus.tech\/allgemeine-nutzungsbedingungen\/"},"modified":"2025-04-23T15:20:33","modified_gmt":"2025-04-23T13:20:33","slug":"allgemeine-nutzungsbedingungen","status":"publish","type":"page","link":"https:\/\/revolution-plus.tech\/de\/allgemeine-nutzungsbedingungen\/","title":{"rendered":"Allgemeine Nutzungsbedingungen"},"content":{"rendered":"\t\t<div data-elementor-type=\"wp-page\" data-elementor-id=\"7869\" class=\"elementor elementor-7869 elementor-7845\" data-elementor-post-type=\"page\">\n\t\t\t\t<div class=\"elementor-element elementor-element-b762b51 e-con-full marquee_wow e-flex e-con e-parent\" data-id=\"b762b51\" data-element_type=\"container\" data-e-type=\"container\">\n\t\t\t\t<div class=\"elementor-element elementor-element-eccf615 elementor-widget elementor-widget-heading\" data-id=\"eccf615\" data-element_type=\"widget\" data-e-type=\"widget\" data-settings=\"{&quot;motion_fx_motion_fx_scrolling&quot;:&quot;yes&quot;,&quot;motion_fx_opacity_effect&quot;:&quot;yes&quot;,&quot;motion_fx_opacity_direction&quot;:&quot;out-in-out&quot;,&quot;motion_fx_opacity_range&quot;:{&quot;unit&quot;:&quot;%&quot;,&quot;size&quot;:&quot;&quot;,&quot;sizes&quot;:{&quot;start&quot;:30,&quot;end&quot;:61}},&quot;motion_fx_opacity_level&quot;:{&quot;unit&quot;:&quot;px&quot;,&quot;size&quot;:10,&quot;sizes&quot;:[]},&quot;motion_fx_devices&quot;:[&quot;widescreen&quot;,&quot;desktop&quot;,&quot;laptop&quot;,&quot;tablet_extra&quot;,&quot;tablet&quot;,&quot;mobile_extra&quot;,&quot;mobile&quot;]}\" data-widget_type=\"heading.default\">\n\t\t\t\t<div class=\"elementor-widget-container\">\n\t\t\t\t\t<h1 class=\"elementor-heading-title elementor-size-default\"><span style=\"color:#FE3C28\">Allgemeine<\/span> Nutzungsbedingungen<\/h1>\t\t\t\t<\/div>\n\t\t\t\t<\/div>\n\t\t\t\t<\/div>\n\t\t<div class=\"elementor-element elementor-element-0a907e9 e-flex e-con-boxed e-con e-parent\" data-id=\"0a907e9\" data-element_type=\"container\" data-e-type=\"container\">\n\t\t\t\t\t<div class=\"e-con-inner\">\n\t\t\t\t<div class=\"elementor-element elementor-element-d0b490d elementor-widget elementor-widget-text-editor\" data-id=\"d0b490d\" data-element_type=\"widget\" data-e-type=\"widget\" data-widget_type=\"text-editor.default\">\n\t\t\t\t<div class=\"elementor-widget-container\">\n\t\t\t\t\t\t\t\t\t<h3>Allgemeine Nutzungsbedingungen<\/h3><p>Die Webseiten, Domains und Subdomains unter der Adresse <a href=\"https:\/\/revolution-plus.tech\/de\/\">https:\/\/revolution-plus.tech\/<\/a> (im Folgenden die &#8222;Website&#8220;) sind ausschlie\u00dfliches Eigentum von WHR srl mit Sitz: 00192 Via Caio Mario, 7 Roma<br>Betriebsst\u00e4tte: Hotel Porta Maggiore \u2013 00185 Piazza di Porta Maggiore, 25 Roma<\/p><p>Die Website wird nicht regelm\u00e4\u00dfig aktualisiert und muss daher nicht gem\u00e4\u00df Gesetz 47\/1948 als periodisches Druckerzeugnis registriert werden.<\/p><p><strong>Annahme der Bedingungen<\/strong> <\/p><p>Diese Allgemeinen Nutzungsbedingungen enthalten die Bedingungen f\u00fcr die Nutzung der angebotenen Dienste. Durch die Annahme dieser Bedingungen w\u00e4hrend der Registrierung und durch die Nutzung der Website erkl\u00e4rt sich der Nutzer ausdr\u00fccklich mit diesen Bedingungen einverstanden. <\/p><p>DIE WEITERNUTZUNG DER WEBSITE BEDEUTET DIE AUSDR\u00dcCKLICHE ANNAHME DURCH DEN NUTZER<\/p><p><strong>\u00c4nderung der Bedingungen<\/strong> <\/p><p>Die Nutzungsbedingungen k\u00f6nnen jederzeit nach alleinigem Ermessen der Eigent\u00fcmer ge\u00e4ndert werden, wenn dies aus rechtlichen oder technischen Gr\u00fcnden erforderlich ist. Unbeschadet der gesetzlichen Rechtsbehelfe bei Vertragsverletzungen oder Verst\u00f6\u00dfen gegen geltendes Recht beh\u00e4lt sich WHR das Recht vor, dem Nutzer Mitteilungen zu senden, Benutzerkonten vor\u00fcbergehend oder dauerhaft zu sperren und die Bereitstellung einiger oder aller Dienste einzustellen, wenn: a) gegen diese Allgemeinen Bedingungen versto\u00dfen wird; b) die Website die Authentizit\u00e4t der bei der Registrierung oder Nutzung des Dienstes angegebenen Informationen nicht \u00fcberpr\u00fcfen kann; c) Handlungen vorgenommen werden, die der Website oder anderen Nutzern wirtschaftlichen Schaden oder rechtliche Haftung zuf\u00fcgen k\u00f6nnten; d) Sicherheitsgr\u00fcnde oder der Schutz vor unbefugtem Zugriff auf die Website vorliegen; e) eine teilweise oder vollst\u00e4ndige Einstellung der Dienste erfolgt.      <\/p><p><strong>Nutzung der Website<\/strong> <\/p><p>Der Nutzer erkl\u00e4rt sich ausdr\u00fccklich damit einverstanden und garantiert, dass seine Nutzung der Website und der angebotenen Dienste vollst\u00e4ndig im Einklang mit diesen Allgemeinen Nutzungsbedingungen erfolgt, keine Rechte Dritter verletzt, keine vertraglichen oder gesetzlichen Verpflichtungen gegen\u00fcber Dritten verletzt und nicht gegen geltendes Recht verst\u00f6\u00dft. Der Nutzer erkl\u00e4rt sich au\u00dferdem damit einverstanden, WHR gegen\u00fcber allen Anspr\u00fcchen Dritter aufgrund einer rechtswidrigen Nutzung der Website schadlos zu halten. Der Nutzer erkl\u00e4rt, mindestens 18 Jahre alt und rechtsf\u00e4hig zu sein, Vertr\u00e4ge abzuschlie\u00dfen und die Website in \u00dcbereinstimmung mit diesen Bedingungen zu nutzen.  <\/p><p>Dem Nutzer ist ausdr\u00fccklich untersagt:<\/p><ul data-spread=\"false\"><li>die Website in einer Weise zu nutzen, die sie besch\u00e4digt, deaktiviert, \u00fcberlastet oder anderweitig beeintr\u00e4chtigt oder das Netzwerk\/die Netzwerke, mit denen sie verbunden ist, beeintr\u00e4chtigt;<\/li><li>Handlungen vorzunehmen, die die Nutzung der Website durch Dritte st\u00f6ren oder verhindern k\u00f6nnten;<\/li><li>in unrechtm\u00e4\u00dfiger Weise zu versuchen, auf die Website oder auf Informationen\/Daten von registrierten Nutzern und\/oder mit der Website verbundenen Netzwerken und Systemen zuzugreifen.<\/li><\/ul><p>WHR S.r.l. beh\u00e4lt sich das Recht vor, nach eigenem Ermessen Inhalte zu entfernen, die:<\/p><ul data-spread=\"false\"><li>rechtswidrig, verleumderisch, rassistisch oder ehrenr\u00fchrig sind;<\/li><li>zu Hass oder Gewalt aufrufen;<\/li><li>beleidigend gegen\u00fcber Personen, Institutionen oder Religionen sind;<\/li><li>die Privatsph\u00e4re anderer verletzen;<\/li><li>f\u00fcr Minderj\u00e4hrige sch\u00e4dlich sind;<\/li><li>Marken-, Patent- oder Urheberrechte verletzen;<\/li><li>personenbezogene Daten Dritter enthalten;<\/li><li>kommerzielle Aktivit\u00e4ten f\u00f6rdern.<\/li><\/ul><div> <\/div><p><strong>Urheberrecht und Inhalte<\/strong> <\/p><p>Sofern nicht anders angegeben, sind die Website, ihre grafische Gestaltung, s\u00e4mtliche Texte, Bilder, Marken, Logos und alle Inhalte Eigentum von WHR S.r.l., und alle Rechte sind vorbehalten. WHR S.r.l., das Logo und alle anderen Marken auf der Website sind eingetragene Marken oder geh\u00f6ren WHR S.r.l. oder Dritten, die deren Nutzung ausdr\u00fccklich genehmigt haben. Nichts auf der Website darf so ausgelegt werden, dass eine Lizenz oder ein Nutzungsrecht stillschweigend oder anderweitig ohne vorherige schriftliche Zustimmung von WHR S.r.l. oder dem Rechteinhaber gew\u00e4hrt wird. Diese Rechte sind durch geltende internationale Gesetze und Abkommen zum Schutz des geistigen Eigentums gesch\u00fctzt. Jede Vervielf\u00e4ltigung oder Weiterverbreitung \u2013 auch auszugsweise \u2013 des Layouts, der Grafiken oder Inhalte der Website ohne vorherige schriftliche Zustimmung von WHR S.r.l. ist untersagt und kann zivil- und strafrechtlich verfolgt werden.    <\/p><p>Von Nutzern bereitgestellte Inhalte (Texte, Bilder, Videos usw.) bleiben ausschlie\u00dfliches Eigentum der Nutzer und\/oder der Dritten, von denen der Nutzer die Nutzungsrechte erhalten hat. Durch die \u00dcbermittlung solcher Inhalte gew\u00e4hrt der Nutzer der Website au\u00dferdem das Recht, diese Inhalte zu nutzen, zu ver\u00f6ffentlichen, zu verbreiten, zu vervielf\u00e4ltigen, zu \u00fcbertragen, anzuzeigen und \u00f6ffentlich aufzuf\u00fchren. Der Nutzer erkl\u00e4rt und garantiert, dass die \u00dcbermittlung und\/oder Nutzung dieser Inhalte durch die Website keine geistigen oder gewerblichen Schutzrechte und\/oder Pers\u00f6nlichkeitsrechte und\/oder Datenschutzrechte und\/oder Geheimhaltungsrechte Dritter verletzt. Insbesondere erkl\u00e4rt und garantiert der Nutzer, dass er alle erforderlichen Zustimmungen und Genehmigungen von betroffenen Dritten erhalten, gesetzlich oder vertraglich f\u00e4llige Geb\u00fchren entrichtet hat und dass keine Rechte Dritter der Nutzung durch die Website gem\u00e4\u00df diesen Allgemeinen Bedingungen entgegenstehen. Der Nutzer verpflichtet sich, WHR S.r.l. von allen Anspr\u00fcchen, Sch\u00e4den, Verlusten, Kosten oder Aufwendungen (einschlie\u00dflich Rechtskosten und gerichtlicher Anordnungen), die sich aus einem Versto\u00df gegen diese Bestimmungen ergeben, schadlos zu halten.    <\/p><p><strong>Haftungsausschluss und Haftungsbeschr\u00e4nkung<\/strong> <\/p><p>Im gesetzlich zul\u00e4ssigen Umfang und unbeschadet der Rechte von Verbrauchern \u00fcbernimmt WHR S.r.l. keine Gew\u00e4hr daf\u00fcr, dass die Inhalte der Website f\u00fcr einen bestimmten Zweck geeignet sind, es sei denn, dies ist f\u00fcr kostenpflichtige Dienste ausdr\u00fccklich vorgesehen. WHR S.r.l. \u00fcbernimmt auch keine Gew\u00e4hr f\u00fcr die Richtigkeit oder Exklusivit\u00e4t der Inhalte, insbesondere nicht f\u00fcr Inhalte, die von Nutzern bereitgestellt werden. Die Nutzung der Website erfolgt auf eigenes Risiko des Nutzers, und WHR S.r.l. haftet \u2013 au\u00dfer bei kostenpflichtigen Diensten und nur im Rahmen des vorgesehenen Zwecks \u2013 nicht f\u00fcr Verluste oder Sch\u00e4den, die sich aus der Nutzung der Website ergeben. Dies umfasst unter anderem direkte, indirekte, strafende oder Folgesch\u00e4den sowie alle Arten von Verlusten (Einkommen, Gewinne, Goodwill, Daten, Vertr\u00e4ge, Geldnutzung) oder Sch\u00e4den durch Betriebsunterbrechungen infolge der Nutzung oder Nichtnutzung dieser Website.   <\/p><p><strong>Datenschutz<\/strong> <\/p><p>Die Verarbeitung personenbezogener Daten der Nutzer erfolgt gem\u00e4\u00df den geltenden Vorschriften, wie in der auf der Seite <a href=\"https:\/\/revolution-plus.tech\/wp-content\/uploads\/2025\/04\/INF09_Revolution_PrivacyPolicy_Rev1_EN.pdf\">https:\/\/revolution-plus.tech\/wp-content\/uploads\/2025\/04\/INF09_Revolution_PrivacyPolicy_Rev1_EN.pdf<\/a> verf\u00fcgbaren Datenschutzerkl\u00e4rung beschrieben. Der Zugriff auf und die Nutzung der Website implizieren auch die Zustimmung zur Datenschutzerkl\u00e4rung. <\/p><p><strong>Internationale Nutzer<\/strong> <\/p><p>WHR S.r.l. \u00fcbernimmt keine Gew\u00e4hr daf\u00fcr, dass die auf der Website enthaltenen Informationen korrekt sind oder dass die Inhalte in demselben Erscheinungsbild, Format und unter denselben Bedingungen au\u00dferhalb Italiens verf\u00fcgbar sind. Nutzer, die au\u00dferhalb Italiens wohnen und die Website besuchen und nutzen, verpflichten sich, alle f\u00fcr die \u00dcbertragung von Daten und Inhalten in ihrem Wohnsitzland geltenden Gesetze einzuhalten. Wer Inhalte der Website herunterl\u00e4dt, ist f\u00fcr die Einhaltung der in seinem Land geltenden Gesetze verantwortlich.  <\/p><p><strong>Externe Websites<\/strong> <\/p><p>Die Website enth\u00e4lt Links und Banner zu Websites Dritter, die nicht von WHR S.r.l. kontrolliert werden. WHR S.r.l. \u00fcbernimmt keine Verantwortung f\u00fcr deren Inhalte oder angebotene Dienste. Das Vorhandensein solcher Links bedeutet keine Billigung oder Verbindung mit der verlinkten Website. Diese Drittanbieter-Websites werden unabh\u00e4ngig betrieben, und WHR S.r.l. kann nicht garantieren, dass der Nutzer mit deren Produkten, Dienstleistungen oder Gesch\u00e4ftspraktiken zufrieden ist. Nutzer sollten vor dem Eingehen von Transaktionen mit solchen Anbietern alle notwendigen Pr\u00fcfungen vornehmen.   <\/p><p>Diese externen Websites verwenden Remarketing mit Google Analytics f\u00fcr Werbezwecke, und Drittanbieter verwenden eigene sowie Drittanbieter-Cookies, um auf Basis fr\u00fcherer Besuche des Nutzers auf der Website Anzeigen zu informieren, zu optimieren und zu schalten.<\/p>\t\t\t\t\t\t\t\t<\/div>\n\t\t\t\t<\/div>\n\t\t\t\t\t<\/div>\n\t\t\t\t<\/div>\n\t\t\t\t<\/div>\n\t\t","protected":false},"excerpt":{"rendered":"<p>Allgemeine Nutzungsbedingungen Allgemeine Nutzungsbedingungen Die Webseiten, Domains und Subdomains unter der Adresse https:\/\/revolution-plus.tech\/ (im Folgenden die &#8222;Website&#8220;) sind ausschlie\u00dfliches Eigentum von WHR srl mit Sitz: 00192 Via Caio Mario, 7 RomaBetriebsst\u00e4tte: Hotel Porta Maggiore \u2013 00185 Piazza di Porta Maggiore, 25 Roma Die Website wird nicht regelm\u00e4\u00dfig aktualisiert und muss daher nicht gem\u00e4\u00df Gesetz 47\/1948 [&hellip;]<\/p>\n","protected":false},"author":2,"featured_media":0,"parent":0,"menu_order":0,"comment_status":"closed","ping_status":"closed","template":"","meta":{"_acf_changed":false,"footnotes":""},"class_list":["post-7869","page","type-page","status-publish","hentry"],"acf":[],"yoast_head":"<!-- This site is optimized with the Yoast SEO plugin v27.5 - https:\/\/yoast.com\/product\/yoast-seo-wordpress\/ -->\n<title>Allgemeine Nutzungsbedingungen - Revolution Plus<\/title>\n<meta name=\"robots\" content=\"index, follow, max-snippet:-1, max-image-preview:large, max-video-preview:-1\" \/>\n<link rel=\"canonical\" href=\"https:\/\/revolution-plus.tech\/termini-e-condizioni\/\" \/>\n<meta property=\"og:locale\" content=\"de_DE\" \/>\n<meta property=\"og:type\" content=\"article\" \/>\n<meta property=\"og:title\" content=\"Allgemeine Nutzungsbedingungen - Revolution Plus\" \/>\n<meta property=\"og:description\" content=\"Allgemeine Nutzungsbedingungen Allgemeine Nutzungsbedingungen Die Webseiten, Domains und Subdomains unter der Adresse https:\/\/revolution-plus.tech\/ (im Folgenden die &#8222;Website&#8220;) sind ausschlie\u00dfliches Eigentum von WHR srl mit Sitz: 00192 Via Caio Mario, 7 RomaBetriebsst\u00e4tte: Hotel Porta Maggiore \u2013 00185 Piazza di Porta Maggiore, 25 Roma Die Website wird nicht regelm\u00e4\u00dfig aktualisiert und muss daher nicht gem\u00e4\u00df Gesetz 47\/1948 [&hellip;]\" \/>\n<meta property=\"og:url\" content=\"https:\/\/revolution-plus.tech\/termini-e-condizioni\/\" \/>\n<meta property=\"og:site_name\" content=\"Revolution Plus\" \/>\n<meta property=\"article:modified_time\" content=\"2025-04-23T13:20:33+00:00\" \/>\n<meta name=\"twitter:card\" content=\"summary_large_image\" \/>\n<meta name=\"twitter:label1\" content=\"Gesch\u00e4tzte Lesezeit\" \/>\n\t<meta name=\"twitter:data1\" content=\"6\u00a0Minuten\" \/>\n<script type=\"application\/ld+json\" class=\"yoast-schema-graph\">{\"@context\":\"https:\\\/\\\/schema.org\",\"@graph\":[{\"@type\":\"WebPage\",\"@id\":\"https:\\\/\\\/revolution-plus.tech\\\/termini-e-condizioni\\\/\",\"url\":\"https:\\\/\\\/revolution-plus.tech\\\/termini-e-condizioni\\\/\",\"name\":\"Allgemeine Nutzungsbedingungen - Revolution Plus\",\"isPartOf\":{\"@id\":\"https:\\\/\\\/revolution-plus.tech\\\/#website\"},\"datePublished\":\"2025-04-23T12:29:10+00:00\",\"dateModified\":\"2025-04-23T13:20:33+00:00\",\"breadcrumb\":{\"@id\":\"https:\\\/\\\/revolution-plus.tech\\\/termini-e-condizioni\\\/#breadcrumb\"},\"inLanguage\":\"de\",\"potentialAction\":[{\"@type\":\"ReadAction\",\"target\":[\"https:\\\/\\\/revolution-plus.tech\\\/termini-e-condizioni\\\/\"]}]},{\"@type\":\"BreadcrumbList\",\"@id\":\"https:\\\/\\\/revolution-plus.tech\\\/termini-e-condizioni\\\/#breadcrumb\",\"itemListElement\":[{\"@type\":\"ListItem\",\"position\":1,\"name\":\"Home\",\"item\":\"https:\\\/\\\/revolution-plus.tech\\\/\"},{\"@type\":\"ListItem\",\"position\":2,\"name\":\"Allgemeine Nutzungsbedingungen\"}]},{\"@type\":\"WebSite\",\"@id\":\"https:\\\/\\\/revolution-plus.tech\\\/#website\",\"url\":\"https:\\\/\\\/revolution-plus.tech\\\/\",\"name\":\"Revolution Plus\",\"description\":\"\",\"publisher\":{\"@id\":\"https:\\\/\\\/revolution-plus.tech\\\/#organization\"},\"potentialAction\":[{\"@type\":\"SearchAction\",\"target\":{\"@type\":\"EntryPoint\",\"urlTemplate\":\"https:\\\/\\\/revolution-plus.tech\\\/?s={search_term_string}\"},\"query-input\":{\"@type\":\"PropertyValueSpecification\",\"valueRequired\":true,\"valueName\":\"search_term_string\"}}],\"inLanguage\":\"de\"},{\"@type\":\"Organization\",\"@id\":\"https:\\\/\\\/revolution-plus.tech\\\/#organization\",\"name\":\"Revolution Plus\",\"url\":\"https:\\\/\\\/revolution-plus.tech\\\/\",\"logo\":{\"@type\":\"ImageObject\",\"inLanguage\":\"de\",\"@id\":\"https:\\\/\\\/revolution-plus.tech\\\/#\\\/schema\\\/logo\\\/image\\\/\",\"url\":\"https:\\\/\\\/revolution-plus.tech\\\/wp-content\\\/uploads\\\/2024\\\/06\\\/Logotipo-associato-negativo.png\",\"contentUrl\":\"https:\\\/\\\/revolution-plus.tech\\\/wp-content\\\/uploads\\\/2024\\\/06\\\/Logotipo-associato-negativo.png\",\"width\":6667,\"height\":2398,\"caption\":\"Revolution Plus\"},\"image\":{\"@id\":\"https:\\\/\\\/revolution-plus.tech\\\/#\\\/schema\\\/logo\\\/image\\\/\"}}]}<\/script>\n<!-- \/ Yoast SEO plugin. -->","yoast_head_json":{"title":"Allgemeine Nutzungsbedingungen - Revolution Plus","robots":{"index":"index","follow":"follow","max-snippet":"max-snippet:-1","max-image-preview":"max-image-preview:large","max-video-preview":"max-video-preview:-1"},"canonical":"https:\/\/revolution-plus.tech\/termini-e-condizioni\/","og_locale":"de_DE","og_type":"article","og_title":"Allgemeine Nutzungsbedingungen - Revolution Plus","og_description":"Allgemeine Nutzungsbedingungen Allgemeine Nutzungsbedingungen Die Webseiten, Domains und Subdomains unter der Adresse https:\/\/revolution-plus.tech\/ (im Folgenden die &#8222;Website&#8220;) sind ausschlie\u00dfliches Eigentum von WHR srl mit Sitz: 00192 Via Caio Mario, 7 RomaBetriebsst\u00e4tte: Hotel Porta Maggiore \u2013 00185 Piazza di Porta Maggiore, 25 Roma Die Website wird nicht regelm\u00e4\u00dfig aktualisiert und muss daher nicht gem\u00e4\u00df Gesetz 47\/1948 [&hellip;]","og_url":"https:\/\/revolution-plus.tech\/termini-e-condizioni\/","og_site_name":"Revolution Plus","article_modified_time":"2025-04-23T13:20:33+00:00","twitter_card":"summary_large_image","twitter_misc":{"Gesch\u00e4tzte Lesezeit":"6\u00a0Minuten"},"schema":{"@context":"https:\/\/schema.org","@graph":[{"@type":"WebPage","@id":"https:\/\/revolution-plus.tech\/termini-e-condizioni\/","url":"https:\/\/revolution-plus.tech\/termini-e-condizioni\/","name":"Allgemeine Nutzungsbedingungen - Revolution Plus","isPartOf":{"@id":"https:\/\/revolution-plus.tech\/#website"},"datePublished":"2025-04-23T12:29:10+00:00","dateModified":"2025-04-23T13:20:33+00:00","breadcrumb":{"@id":"https:\/\/revolution-plus.tech\/termini-e-condizioni\/#breadcrumb"},"inLanguage":"de","potentialAction":[{"@type":"ReadAction","target":["https:\/\/revolution-plus.tech\/termini-e-condizioni\/"]}]},{"@type":"BreadcrumbList","@id":"https:\/\/revolution-plus.tech\/termini-e-condizioni\/#breadcrumb","itemListElement":[{"@type":"ListItem","position":1,"name":"Home","item":"https:\/\/revolution-plus.tech\/"},{"@type":"ListItem","position":2,"name":"Allgemeine Nutzungsbedingungen"}]},{"@type":"WebSite","@id":"https:\/\/revolution-plus.tech\/#website","url":"https:\/\/revolution-plus.tech\/","name":"Revolution Plus","description":"","publisher":{"@id":"https:\/\/revolution-plus.tech\/#organization"},"potentialAction":[{"@type":"SearchAction","target":{"@type":"EntryPoint","urlTemplate":"https:\/\/revolution-plus.tech\/?s={search_term_string}"},"query-input":{"@type":"PropertyValueSpecification","valueRequired":true,"valueName":"search_term_string"}}],"inLanguage":"de"},{"@type":"Organization","@id":"https:\/\/revolution-plus.tech\/#organization","name":"Revolution Plus","url":"https:\/\/revolution-plus.tech\/","logo":{"@type":"ImageObject","inLanguage":"de","@id":"https:\/\/revolution-plus.tech\/#\/schema\/logo\/image\/","url":"https:\/\/revolution-plus.tech\/wp-content\/uploads\/2024\/06\/Logotipo-associato-negativo.png","contentUrl":"https:\/\/revolution-plus.tech\/wp-content\/uploads\/2024\/06\/Logotipo-associato-negativo.png","width":6667,"height":2398,"caption":"Revolution Plus"},"image":{"@id":"https:\/\/revolution-plus.tech\/#\/schema\/logo\/image\/"}}]}},"_links":{"self":[{"href":"https:\/\/revolution-plus.tech\/de\/wp-json\/wp\/v2\/pages\/7869","targetHints":{"allow":["GET"]}}],"collection":[{"href":"https:\/\/revolution-plus.tech\/de\/wp-json\/wp\/v2\/pages"}],"about":[{"href":"https:\/\/revolution-plus.tech\/de\/wp-json\/wp\/v2\/types\/page"}],"author":[{"embeddable":true,"href":"https:\/\/revolution-plus.tech\/de\/wp-json\/wp\/v2\/users\/2"}],"replies":[{"embeddable":true,"href":"https:\/\/revolution-plus.tech\/de\/wp-json\/wp\/v2\/comments?post=7869"}],"version-history":[{"count":1,"href":"https:\/\/revolution-plus.tech\/de\/wp-json\/wp\/v2\/pages\/7869\/revisions"}],"predecessor-version":[{"id":7870,"href":"https:\/\/revolution-plus.tech\/de\/wp-json\/wp\/v2\/pages\/7869\/revisions\/7870"}],"wp:attachment":[{"href":"https:\/\/revolution-plus.tech\/de\/wp-json\/wp\/v2\/media?parent=7869"}],"curies":[{"name":"wp","href":"https:\/\/api.w.org\/{rel}","templated":true}]}}